{"id":3,"date":"2023-01-30T14:31:28","date_gmt":"2023-01-30T14:31:28","guid":{"rendered":"http:\/\/palazzo.cambia-marketing.it\/?page_id=3"},"modified":"2023-03-27T06:39:22","modified_gmt":"2023-03-27T06:39:22","slug":"privacy-policy","status":"publish","type":"page","link":"https:\/\/ilpalazzo.eu\/en\/privacy-policy\/","title":{"rendered":"Privacy Policy"},"content":{"rendered":"<h1 class=\"wp-block-heading\">Informativa sulla Privacy<\/h1>\n\n\n\n<p>L&#8217;Azienda Agricola Il Palazzo&nbsp;in qualit\u00e0 di Titolare del Trattamento rende agli utenti che consultano e\/o interagiscono con il presente sito l\u2019informativa sul trattamento dei dati personali relativi a soggetti identificati o identificabili, ai sensi dell\u2019art.13 e 14 del Regolamento UE 2016\/679 in materia di protezione dei dati personali, ed illustra le modalit\u00e0 di gestione del sito.<\/p>\n\n\n\n<h4 class=\"wp-block-heading\">LUOGO DI TRATTAMENTO DEI DATI<\/h4>\n\n\n\n<p>I trattamenti connessi ai servizi web di questo sito hanno luogo presso la sede aziendale e sono curati da personale tecnico dell\u2019ufficio incaricato del trattamento, oppure da eventuali incaricati di occasionali operazioni di manutenzione. I trattamenti possono aver luogo presso societ\u00e0 esterne che raccolgono dati relativi agli accessi e alla navigazione all\u2019interno del sito per permettere il funzionamento dei servizi e delle sezioni che richiedono l\u2019identificazione dell\u2019utente e utilizza le informazioni raccolte per l\u2019amministrazione tecnica del sito e per eventuali analisi statistiche circa l\u2019utilizzo del sito stesso.<\/p>\n\n\n\n<p>I dati personali forniti dagli utenti che inoltrano richieste di invio di materiale informativo sono utilizzati al solo fine di eseguire il servizio o la prestazione richiesta e sono comunicati a terzi nel solo caso in cui ci\u00f2 sia a tal fine necessario (es. servizio di spedizione del materiale informativo e\/o documentazione inerente il servizio offerto).<\/p>\n\n\n\n<h4 class=\"wp-block-heading\">TIPI DI DATI TRATTATI<\/h4>\n\n\n\n<p><strong>Dati di navigazione.<\/strong>&nbsp;I sistemi informatici e le procedure software preposte al funzionamento di questo sito web acquisiscono, nel corso del loro normale esercizio, alcuni dati personali la cui trasmissione \u00e8 implicita nell\u2019uso dei protocolli di comunicazione di Internet.<\/p>\n\n\n\n<p>Si tratta di informazioni che non sono raccolte per essere associate a interessati identificati, ma che per loro stessa natura potrebbero, attraverso elaborazioni ed associazioni con dati detenuti da terzi, permettere di identificare gli utenti. In questa categoria di dati rientrano gli indirizzi IP o i nomi a dominio dei computer utilizzati dagli utenti che si connettono al sito, gli indirizzi in notazione URI (Uniform Resource Identifier) delle risorse richieste, l\u2019orario della richiesta, il metodo utilizzato nel sottoporre la richiesta al server, la dimensione del file ottenuto in risposta, il codice numerico indicante lo stato della risposta data dal server (buon fine, errore, ecc.) ed altri parametri relativi al sistema operativo e all\u2019ambiente informatico dell\u2019utente.<\/p>\n\n\n\n<p>Questi dati vengono utilizzati al solo fine di ricavare informazioni statistiche anonime sull\u2019uso del sito e per controllarne il corretto funzionamento e vengono cancellati immediatamente dopo l\u2019elaborazione. I dati potrebbero essere utilizzati per l\u2019accertamento di responsabilit\u00e0 in caso di ipotetici reati informatici ai danni del sito: salva questa eventualit\u00e0, allo stato i dati sui contatti web non persistono per pi\u00f9 di sette giorni.<\/p>\n\n\n\n<p><strong>Dati forniti volontariamente dall\u2019utente.<\/strong>&nbsp;L\u2019invio facoltativo, esplicito e volontario di posta elettronica agli indirizzi indicati su questo sito comporta la successiva acquisizione dell\u2019indirizzo del mittente, necessario per rispondere alle richieste, nonch\u00e9 degli eventuali altri dati personali inseriti volontariamente dall&#8217;Utente nella missiva.<\/p>\n\n\n\n<p>Specifiche informative di sintesi verranno progressivamente riportate o visualizzate nelle pagine del sito predisposte per particolari servizi e\/o finalit\u00e0 di trattamenti, e, ove necessario sono presenti anche richieste espresse di consenso.<\/p>\n\n\n\n<p><\/p>\n\n\n\n<h4 class=\"wp-block-heading\">TIPOLOGIE ED UTILIZZO DEI COOKIE<\/h4>\n\n\n\n<p>I cookie sono informazioni immesse sul browser dell\u2019utente quando visiti un sito web o utilizza un social network con il suo pc, smartphone o tablet. Ogni cookie contiene diversi dati come, ad esempio, il nome del server da cui proviene, un identificatore numerico, etc, &#8230; I cookie possono rimanere nel sistema per la durata di una sessione (cio\u00e8 fino a che non si chiude il browser utilizzato per la navigazione sul web) o per lunghi periodi e possono contenere un codice identificativo unico.<\/p>\n\n\n\n<ul class=\"wp-block-list\">\n<li>Cookie tecnici:<br>Alcuni cookie sono usati per eseguire autenticazioni informatiche, monitoraggio di sessioni e memorizzazione di informazioni specifiche sugli utenti che accedono ad una pagina web. Questi cookie, cosiddetti tecnici, sono spesso utili, perch\u00e9 possono rendere pi\u00f9 veloce e rapida la navigazione e fruizione del web, perch\u00e9 ad esempio intervengono a facilitare alcune procedure quando fa acquisti online, quando si autentica ad aree ad accesso riservato o quando un sito web riconosce in automatico la lingua che utilizza di solito. Una particolare tipologia di cookie, detti analytics, sono poi utilizzati dai gestori dei siti web per raccogliere informazioni, in forma aggregata, sul numero degli utenti e su come questi visitano il sito stesso, e quindi elaborare statistiche generali sul servizio e sul suo utilizzo.<\/li>\n\n\n\n<li>Cookie di profilazione:<br>Altri cookie possono invece essere utilizzati per monitorare e profilare gli utenti durante la navigazione, studiare i loro movimenti e abitudini di consultazione del web o di consumo, anche allo scopo di inviare pubblicit\u00e0 di servizi mirati e personalizzati (c.d. Behavioural Advertising). Parliamo in questo caso di cookie di profilazione. Pu\u00f2 accadere che una pagina web contenga cookie provenienti da altri siti e contenuti in vari elementi ospitati sulla pagina stessa, come ad esempio banner pubblicitari, immagini, video, ecc.. Si tratta dei cosiddetti cookie terze parti, che di solito sono utilizzati a fini di profilazione. Considerata la particolare invasivit\u00e0 che i cookie di profilazione (soprattutto quelli terze parti) possono avere nell&#8217;ambito della sfera privata degli utenti, la normativa europea e italiana prevedono che l&#8217;utente debba essere adeguatamente informato sull&#8217;uso degli stessi ed esprimere il proprio valido consenso all&#8217;inserimento dei cookie sul suo terminale.<\/li>\n<\/ul>\n\n\n\n<p>Il sito utilizza i cookie per rendere i servizi del sito pi\u00f9 semplici e efficienti per l\u2019utente che visiona le pagine web. \u00c8 attualmente presente anche il servizio di Google Analytics, il quale svolge un\u2019attivit\u00e0 di profilazione, ma nel rispetto della normativa privacy e con l\u2019accortezza del titolare di anonimizzazione delle visite (indirizzi IP). Il Titolare si riserva, qualora dovesse iniziare una tale attivit\u00e0 di profilazione specifica dei singoli visitatori, di chiedere, ex art. 22 Regolamento UE 2016\/679, l\u2019esplicito consenso agli utenti di questa pagina.<\/p>\n\n\n\n<p>\u00c8 possibile rifiutare il conferimento dei dati di navigazione selezionando l\u2019impostazione appropriata sul browser. A tale proposito si rimanda alle informative pubblicate sul sito di Google&nbsp;<a href=\"https:\/\/www.google.it\/intl\/it\/policies\/privacy\/\">https:\/\/www.google.it\/intl\/it\/policies\/privacy\/<\/a>&nbsp;e alla componente aggiuntiva del browser per la disattivazione di Google Analytics (<a href=\"https:\/\/tools.google.com\/dlpage\/gaoptout?hl=it\">https:\/\/tools.google.com\/dlpage\/gaoptout?hl=it<\/a>). Questa scelta tuttavia, potrebbe impedire di utilizzare tutte le funzionalit\u00e0 dei siti. Al contrario, accettando l\u2019utilizzo dei cookie cos\u00ec come sopra descritto e continuando la navigazione, l\u2019utente presta libero e incondizionato consenso al trattamento dei dati personali da parte del Titolare e di Google Inc. con le modalit\u00e0 e per le finalit\u00e0 sopra indicate. La responsabilit\u00e0 della gestione di questi cookie \u00e8 del gestore del network pubblicitario la cui informativa \u00e8 di norma consultabile sul suo sito istituzionale.<\/p>\n\n\n\n<p>L\u2019utente pu\u00f2 anche decidere se accettare o meno i cookie utilizzando le impostazioni del proprio browser. Attenzione: la disabilitazione totale o parziale dei cookie tecnici pu\u00f2 compromettere l\u2019utilizzo delle funzionalit\u00e0 del sito riservate agli utenti. Al contrario, la fruibilit\u00e0 dei contenuti pubblici \u00e8 possibile anche disabilitando completamente i cookie. La disabilitazione dei cookie di terze parti non pregiudica in alcun modo la navigabilit\u00e0. L\u2019impostazione pu\u00f2 essere definita in modo specifico per i diversi siti e applicazioni web. Inoltre i migliori browser consentono di definire impostazioni diverse per i cookie proprietari e per quelli di terze parti. A titolo di esempio, in Mozilla Firefox, attraverso il menu Strumenti-&gt;Opzioni-&gt;Privacy, \u00e8 possibile accedere ad un pannello di controllo dove \u00e8 possibile definire se accettare o meno i diversi tipi di cookie e procedere alla loro rimozione. Per negare il consenso all\u2019utilizzo di uno pi\u00f9 cookie l\u2019utente potr\u00e0 accedere al Link in funzione del proprio browser:<\/p>\n\n\n\n<p>GOOGLE CHROME:&nbsp;<a href=\"https:\/\/support.google.com\/\">https:\/\/support.google.com<\/a><\/p>\n\n\n\n<p>MOZILLA FIREFOX:&nbsp;<a href=\"https:\/\/support.mozilla.org\/\">https:\/\/support.mozilla.org<\/a><\/p>\n\n\n\n<p>MICROSOFT EDGE:&nbsp;<a href=\"https:\/\/support.microsoft.com\/en-us\/microsoft-edge\">https:\/\/support.microsoft.com\/en-us\/microsoft-edge<\/a><\/p>\n\n\n\n<p>OPERA BROWSER:&nbsp;<a href=\"http:\/\/help.opera.com\/\">http:\/\/help.opera.com<\/a><\/p>\n\n\n\n<p>APPLE SAFARI:&nbsp;<a href=\"http:\/\/support.apple.com\/\">http:\/\/support.apple.com<\/a><\/p>\n\n\n\n<h4 class=\"wp-block-heading\">FACOLTATIVIT\u00c0&nbsp;DEL CONFERIMENTO DEI DATI<\/h4>\n\n\n\n<p>A parte quanto specificato per i dati di navigazione, l\u2019utente \u00e8 libero di fornire i dati personali riportati nei moduli di richiesta o comunque indicati in contatti con l\u2019Ufficio per sollecitare l\u2019invio di materiale informativo o di altre comunicazioni. Il loro mancato conferimento pu\u00f2 comportare l\u2019impossibilit\u00e0 di ottenere quanto richiesto.<\/p>\n\n\n\n<h4 class=\"wp-block-heading\">MODALIT\u00c0&nbsp;DI TRATTAMENTO DEI DATI<\/h4>\n\n\n\n<p>I dati personali sono trattati con modalit\u00e0 cartacee, informatiche e con strumenti automatizzati per il tempo strettamente necessario a conseguire gli scopi per cui sono stati raccolti. Specifiche misure di sicurezza sono osservate per prevenire la perdita dei dati, usi illeciti o non corretti ed accessi non autorizzati.<\/p>\n\n\n\n<h4 class=\"wp-block-heading\">MISURE DI SICUREZZA DEL SITO<\/h4>\n\n\n\n<p>Per la gestione del sito sono state adottate specifiche misure di sicurezza, dirette a garantire l\u2019accesso sicuro dell\u2019utente ed a tutelare le informazioni contenute nello stesso sito da rischi di perdita o distruzione anche accidentale. Il software antivirus utilizzato nella gestione del sito viene aggiornato con periodicit\u00e0 al fine di evitare perdite di dati dovute all\u2019azione di virus informatici. Si ricorda inoltre che pur garantendo al suo interno l\u2019adozione di appositi sistemi antivirus, oltre ad essere un obbligo di legge, \u00e8 opportuno per l\u2019utente dotare la propria stazione di lavoro di un sistema di prevenzione e scansione contro l\u2019attacco di virus informatici. Per l\u2019accesso alla parte riservata del sito vengono assegnati alle imprese che ne fanno richiesta un codice identificativo ed una password; tali passwords sono generate in modo da non contenere riferimenti agevolmente riconducibili all\u2019associato, al fine di evitare possibili abusi. L\u2019utente \u00e8 tenuto a custodire la propria password in modo riservato.<\/p>\n\n\n\n<h4 class=\"wp-block-heading\">I VOSTRI DIRITTI<\/h4>\n\n\n\n<p>In base al Regolamento UE 2016\/679, Vi Ricordiamo che potete esercitare nei nostri confronti i seguenti diritti:<\/p>\n\n\n\n<ul class=\"wp-block-list\">\n<li>ottenere la conferma dell\u2019esistenza di dati personali che Vi riguardano, anche se non ancora registrati, e la comunicazione in forma intelligibile dei medesimi dati e della loro origine, nonch\u00e9, delle finalit\u00e0 e delle modalit\u00e0 del trattamento e della logica applicata in caso di trattamento effettuato con strumenti elettronici;<\/li>\n\n\n\n<li>ottenere la cancellazione, la trasformazione in forma anonima o il blocco dei dati di cui non \u00e8 necessaria la conservazione in relazione agli scopi per i quali i dati sono stati raccolti e trattati;<\/li>\n\n\n\n<li>ottenere l\u2019aggiornamento, la rettificazione e l\u2019integrazione dei Vostri dati;<\/li>\n\n\n\n<li>opporVi, in tutto o in parte, per motivi legittimi, al trattamento dei dati personali che Vi riguardano, ancorch\u00e9 pertinenti allo scopo della raccolta. Per esercitare tali diritti, Vi potrete rivolgere al Titolare del Trattamento sotto indicato o all\u2019indirizzo&nbsp;<a href=\"mailto:wine@ilpalazzo.eu\">wine@ilpalazzo.eu<\/a><\/li>\n<\/ul>\n\n\n\n<h4 class=\"wp-block-heading\">TITOLARE E RESPONSABILE DEL TRATTAMENTO<\/h4>\n\n\n\n<p>L\u2019elenco degli eventuali responsabili nominati per particolari trattamenti pu\u00f2 essere consultato facendone richiesta presso i nostri uffici. Il titolare del trattamento dei Vostri dati personali \u00e8 l&#8217;Azienda Agricola Il Palazzo, Loc. Antria 52100, Arezzo.<\/p>","protected":false},"excerpt":{"rendered":"<p>Informativa sulla Privacy L&#8217;Azienda Agricola Il Palazzo&nbsp;in qualit\u00e0 di Titolare del Trattamento rende agli utenti che consultano e\/o interagiscono con il presente sito l\u2019informativa sul trattamento dei dati personali relativi a soggetti identificati o identificabili, ai sensi dell\u2019art.13 e 14 del Regolamento UE 2016\/679 in materia di protezione dei dati personali, ed illustra le modalit\u00e0 [&hellip;]<\/p>\n","protected":false},"author":1,"featured_media":0,"parent":0,"menu_order":0,"comment_status":"closed","ping_status":"open","template":"","meta":{"footnotes":""},"class_list":["post-3","page","type-page","status-publish","hentry"],"_links":{"self":[{"href":"https:\/\/ilpalazzo.eu\/en\/wp-json\/wp\/v2\/pages\/3","targetHints":{"allow":["GET"]}}],"collection":[{"href":"https:\/\/ilpalazzo.eu\/en\/wp-json\/wp\/v2\/pages"}],"about":[{"href":"https:\/\/ilpalazzo.eu\/en\/wp-json\/wp\/v2\/types\/page"}],"author":[{"embeddable":true,"href":"https:\/\/ilpalazzo.eu\/en\/wp-json\/wp\/v2\/users\/1"}],"replies":[{"embeddable":true,"href":"https:\/\/ilpalazzo.eu\/en\/wp-json\/wp\/v2\/comments?post=3"}],"version-history":[{"count":1,"href":"https:\/\/ilpalazzo.eu\/en\/wp-json\/wp\/v2\/pages\/3\/revisions"}],"predecessor-version":[{"id":1490,"href":"https:\/\/ilpalazzo.eu\/en\/wp-json\/wp\/v2\/pages\/3\/revisions\/1490"}],"wp:attachment":[{"href":"https:\/\/ilpalazzo.eu\/en\/wp-json\/wp\/v2\/media?parent=3"}],"curies":[{"name":"wp","href":"https:\/\/api.w.org\/{rel}","templated":true}]}}